{"id":2,"date":"2016-05-10T03:48:21","date_gmt":"2016-05-10T03:48:21","guid":{"rendered":"http:\/\/tongedicht.plainlake.com\/?page_id=2"},"modified":"2022-04-14T13:33:05","modified_gmt":"2022-04-14T13:33:05","slug":"sample-page","status":"publish","type":"page","link":"http:\/\/tongedicht.plainlake.com\/?page_id=2","title":{"rendered":"Duo Fl\u00f6te &#038; Gitarre"},"content":{"rendered":"<p align=\"JUSTIFY\"><span style=\"font-family: 'Weibei SC';\"><span style=\"font-size: medium;\"><br \/>\n<img loading=\"lazy\" decoding=\"async\" class=\"size-medium wp-image-265 aligncenter\" src=\"http:\/\/tongedicht.plainlake.com\/wp-content\/uploads\/2017\/12\/P1280573-300x225.jpg\" alt=\"\" width=\"300\" height=\"225\" srcset=\"http:\/\/tongedicht.plainlake.com\/wp-content\/uploads\/2017\/12\/P1280573-300x225.jpg 300w, http:\/\/tongedicht.plainlake.com\/wp-content\/uploads\/2017\/12\/P1280573-768x576.jpg 768w, http:\/\/tongedicht.plainlake.com\/wp-content\/uploads\/2017\/12\/P1280573-1024x768.jpg 1024w, http:\/\/tongedicht.plainlake.com\/wp-content\/uploads\/2017\/12\/P1280573-1200x900.jpg 1200w, http:\/\/tongedicht.plainlake.com\/wp-content\/uploads\/2017\/12\/P1280573.jpg 2048w\" sizes=\"auto, (max-width: 300px) 85vw, 300px\" \/><\/span><\/span><\/p>\n<p style=\"text-align: center;\" align=\"JUSTIFY\">wundersch\u00f6ne Klangkombination: Querfl\u00f6te plus Gitarre<\/p>\n<p style=\"text-align: center;\" align=\"JUSTIFY\">stilvolles Programm von Klassik \u00fcber Irish bis Latin<\/p>\n<p style=\"text-align: center;\" align=\"JUSTIFY\">zauberhafte Musik zum Tr\u00e4umen und Genie\u00dfen<\/p>\n<h2 style=\"text-align: center;\" align=\"JUSTIFY\"><\/h2>\n<p style=\"line-height: 28px; text-align: center;\"><b>H\u00f6rprobe (link):<\/b><\/p>\n<p style=\"line-height: 28px; text-align: center;\"><strong><a href=\"https:\/\/www.youtube.com\/watch?v=VipIgxsVSK4\">\u00a0Konzert im Rahmen des kulturellen Adventskalenders <\/a><\/strong><\/p>\n<p style=\"text-align: center;\">\u00a0(15.12.2017 im historischen Ratssaal, Speyer)<\/p>\n<audio class=\"wp-audio-shortcode\" id=\"audio-2-1\" preload=\"none\" style=\"width: 100%;\" controls=\"controls\"><source type=\"audio\/mpeg\" src=\"http:\/\/tongedicht.plainlake.com\/wp-content\/uploads\/2019\/06\/Fl\u00f6te-Gitarre-Bach.mp3?_=1\" \/><a href=\"http:\/\/tongedicht.plainlake.com\/wp-content\/uploads\/2019\/06\/Fl\u00f6te-Gitarre-Bach.mp3\">http:\/\/tongedicht.plainlake.com\/wp-content\/uploads\/2019\/06\/Fl\u00f6te-Gitarre-Bach.mp3<\/a><\/audio>\n<p style=\"text-align: right;\">(swinging J.S. Bach)<\/p>\n","protected":false},"excerpt":{"rendered":"<p>wundersch\u00f6ne Klangkombination: Querfl\u00f6te plus Gitarre stilvolles Programm von Klassik \u00fcber Irish bis Latin zauberhafte Musik zum Tr\u00e4umen und Genie\u00dfen H\u00f6rprobe (link): \u00a0Konzert im Rahmen des kulturellen Adventskalenders \u00a0(15.12.2017 im historischen Ratssaal, Speyer) (swinging J.S. Bach)<\/p>\n","protected":false},"author":1,"featured_media":0,"parent":577,"menu_order":0,"comment_status":"closed","ping_status":"open","template":"","meta":{"footnotes":""},"class_list":["post-2","page","type-page","status-publish","hentry"],"_links":{"self":[{"href":"http:\/\/tongedicht.plainlake.com\/index.php?rest_route=\/wp\/v2\/pages\/2","targetHints":{"allow":["GET"]}}],"collection":[{"href":"http:\/\/tongedicht.plainlake.com\/index.php?rest_route=\/wp\/v2\/pages"}],"about":[{"href":"http:\/\/tongedicht.plainlake.com\/index.php?rest_route=\/wp\/v2\/types\/page"}],"author":[{"embeddable":true,"href":"http:\/\/tongedicht.plainlake.com\/index.php?rest_route=\/wp\/v2\/users\/1"}],"replies":[{"embeddable":true,"href":"http:\/\/tongedicht.plainlake.com\/index.php?rest_route=%2Fwp%2Fv2%2Fcomments&post=2"}],"version-history":[{"count":42,"href":"http:\/\/tongedicht.plainlake.com\/index.php?rest_route=\/wp\/v2\/pages\/2\/revisions"}],"predecessor-version":[{"id":965,"href":"http:\/\/tongedicht.plainlake.com\/index.php?rest_route=\/wp\/v2\/pages\/2\/revisions\/965"}],"up":[{"embeddable":true,"href":"http:\/\/tongedicht.plainlake.com\/index.php?rest_route=\/wp\/v2\/pages\/577"}],"wp:attachment":[{"href":"http:\/\/tongedicht.plainlake.com\/index.php?rest_route=%2Fwp%2Fv2%2Fmedia&parent=2"}],"curies":[{"name":"wp","href":"https:\/\/api.w.org\/{rel}","templated":true}]}}