{"id":502,"date":"2019-03-29T08:32:06","date_gmt":"2019-03-29T08:32:06","guid":{"rendered":"http:\/\/tongedicht.plainlake.com\/?page_id=502"},"modified":"2022-04-15T15:51:28","modified_gmt":"2022-04-15T15:51:28","slug":"krempl-facts-und-band-historie","status":"publish","type":"page","link":"http:\/\/tongedicht.plainlake.com\/?page_id=502","title":{"rendered":"Krempl-facts und Band-Geschichte"},"content":{"rendered":"\n<h3 class=\"wp-block-heading\"><\/h3>\n\n\n\n<p><em>Krempl<\/em> = schwungvoller Combo-Sound,&nbsp;immer unplugged<\/p>\n\n\n\n<p>von <strong>Irish<\/strong> \u00fcber <strong>Kaffeehaus<\/strong> &amp; <strong>Evergreen<\/strong> bis <strong>Klezmer<\/strong><\/p>\n\n\n\n<p><\/p>\n\n\n\n<p>Querfl\u00f6te plus Violine, Posaune, Akkordeon &amp; Kontrabass<\/p>\n\n\n\n<p><\/p>\n\n\n\n<p>Quintett,&nbsp;gegr\u00fcndet im Fr\u00fchjahr 2017<\/p>\n\n\n\n<p><\/p>\n\n\n\n<figure class=\"wp-block-image is-resized\"><img loading=\"lazy\" decoding=\"async\" src=\"http:\/\/tongedicht.plainlake.com\/wp-content\/uploads\/2018\/01\/KREMPL-homepage-Foto-1024x778.jpg\" alt=\"\" class=\"wp-image-294\" width=\"315\" height=\"239\" srcset=\"http:\/\/tongedicht.plainlake.com\/wp-content\/uploads\/2018\/01\/KREMPL-homepage-Foto-1024x778.jpg 1024w, http:\/\/tongedicht.plainlake.com\/wp-content\/uploads\/2018\/01\/KREMPL-homepage-Foto-300x228.jpg 300w, http:\/\/tongedicht.plainlake.com\/wp-content\/uploads\/2018\/01\/KREMPL-homepage-Foto-768x583.jpg 768w, http:\/\/tongedicht.plainlake.com\/wp-content\/uploads\/2018\/01\/KREMPL-homepage-Foto-1200x911.jpg 1200w\" sizes=\"auto, (max-width: 315px) 85vw, 315px\" \/><\/figure>\n\n\n\n<p><\/p>\n\n\n\n<p>Juli 2018 &#8211; in neuer Besetzung plus Percussion:<\/p>\n\n\n\n<figure class=\"wp-block-image is-resized\"><img loading=\"lazy\" decoding=\"async\" src=\"http:\/\/tongedicht.plainlake.com\/wp-content\/uploads\/2019\/03\/Foto-Krempl.Combo_.Speyer-Gr-L-1024x682.jpg\" alt=\"\" class=\"wp-image-510\" width=\"317\" height=\"211\" srcset=\"http:\/\/tongedicht.plainlake.com\/wp-content\/uploads\/2019\/03\/Foto-Krempl.Combo_.Speyer-Gr-L-1024x682.jpg 1024w, http:\/\/tongedicht.plainlake.com\/wp-content\/uploads\/2019\/03\/Foto-Krempl.Combo_.Speyer-Gr-L-300x200.jpg 300w, http:\/\/tongedicht.plainlake.com\/wp-content\/uploads\/2019\/03\/Foto-Krempl.Combo_.Speyer-Gr-L-768x512.jpg 768w, http:\/\/tongedicht.plainlake.com\/wp-content\/uploads\/2019\/03\/Foto-Krempl.Combo_.Speyer-Gr-L-1200x800.jpg 1200w\" sizes=\"auto, (max-width: 317px) 85vw, 317px\" \/><\/figure>\n\n\n\n<p><\/p>\n\n\n\n<figure class=\"wp-block-image size-full is-resized\"><img loading=\"lazy\" decoding=\"async\" src=\"http:\/\/tongedicht.plainlake.com\/wp-content\/uploads\/2019\/03\/walking-band-gr-S.jpg\" alt=\"\" class=\"wp-image-493\" width=\"318\" height=\"197\" srcset=\"http:\/\/tongedicht.plainlake.com\/wp-content\/uploads\/2019\/03\/walking-band-gr-S.jpg 632w, http:\/\/tongedicht.plainlake.com\/wp-content\/uploads\/2019\/03\/walking-band-gr-S-300x187.jpg 300w\" sizes=\"auto, (max-width: 318px) 85vw, 318px\" \/><\/figure>\n\n\n\n<p><\/p>\n\n\n\n<p>seit Dezember 2019 mit neuer Besetzung am Akkordeon:<\/p>\n\n\n\n<figure class=\"wp-block-image size-large is-resized\"><img loading=\"lazy\" decoding=\"async\" src=\"http:\/\/tongedicht.plainlake.com\/wp-content\/uploads\/2022\/04\/P1070498-Ausschnitt-844x1024.jpg\" alt=\"\" class=\"wp-image-913\" width=\"321\" height=\"389\" srcset=\"http:\/\/tongedicht.plainlake.com\/wp-content\/uploads\/2022\/04\/P1070498-Ausschnitt-844x1024.jpg 844w, http:\/\/tongedicht.plainlake.com\/wp-content\/uploads\/2022\/04\/P1070498-Ausschnitt-247x300.jpg 247w, http:\/\/tongedicht.plainlake.com\/wp-content\/uploads\/2022\/04\/P1070498-Ausschnitt-768x932.jpg 768w, http:\/\/tongedicht.plainlake.com\/wp-content\/uploads\/2022\/04\/P1070498-Ausschnitt-1266x1536.jpg 1266w, http:\/\/tongedicht.plainlake.com\/wp-content\/uploads\/2022\/04\/P1070498-Ausschnitt-1688x2048.jpg 1688w, http:\/\/tongedicht.plainlake.com\/wp-content\/uploads\/2022\/04\/P1070498-Ausschnitt-1200x1456.jpg 1200w\" sizes=\"auto, (max-width: 321px) 85vw, 321px\" \/><\/figure>\n\n\n\n<p><\/p>\n\n\n\n<p> <\/p>\n\n\n\n<p><\/p>\n","protected":false},"excerpt":{"rendered":"<p>Krempl = schwungvoller Combo-Sound,&nbsp;immer unplugged von Irish \u00fcber Kaffeehaus &amp; Evergreen bis Klezmer Querfl\u00f6te plus Violine, Posaune, Akkordeon &amp; Kontrabass Quintett,&nbsp;gegr\u00fcndet im Fr\u00fchjahr 2017 Juli 2018 &#8211; in neuer Besetzung plus Percussion: seit Dezember 2019 mit neuer Besetzung am Akkordeon:<\/p>\n","protected":false},"author":1,"featured_media":0,"parent":132,"menu_order":0,"comment_status":"closed","ping_status":"closed","template":"","meta":{"footnotes":""},"class_list":["post-502","page","type-page","status-publish","hentry"],"_links":{"self":[{"href":"http:\/\/tongedicht.plainlake.com\/index.php?rest_route=\/wp\/v2\/pages\/502","targetHints":{"allow":["GET"]}}],"collection":[{"href":"http:\/\/tongedicht.plainlake.com\/index.php?rest_route=\/wp\/v2\/pages"}],"about":[{"href":"http:\/\/tongedicht.plainlake.com\/index.php?rest_route=\/wp\/v2\/types\/page"}],"author":[{"embeddable":true,"href":"http:\/\/tongedicht.plainlake.com\/index.php?rest_route=\/wp\/v2\/users\/1"}],"replies":[{"embeddable":true,"href":"http:\/\/tongedicht.plainlake.com\/index.php?rest_route=%2Fwp%2Fv2%2Fcomments&post=502"}],"version-history":[{"count":9,"href":"http:\/\/tongedicht.plainlake.com\/index.php?rest_route=\/wp\/v2\/pages\/502\/revisions"}],"predecessor-version":[{"id":975,"href":"http:\/\/tongedicht.plainlake.com\/index.php?rest_route=\/wp\/v2\/pages\/502\/revisions\/975"}],"up":[{"embeddable":true,"href":"http:\/\/tongedicht.plainlake.com\/index.php?rest_route=\/wp\/v2\/pages\/132"}],"wp:attachment":[{"href":"http:\/\/tongedicht.plainlake.com\/index.php?rest_route=%2Fwp%2Fv2%2Fmedia&parent=502"}],"curies":[{"name":"wp","href":"https:\/\/api.w.org\/{rel}","templated":true}]}}