{"id":577,"date":"2019-06-21T07:55:54","date_gmt":"2019-06-21T07:55:54","guid":{"rendered":"http:\/\/tongedicht.plainlake.com\/?page_id=577"},"modified":"2023-10-07T14:58:12","modified_gmt":"2023-10-07T14:58:12","slug":"projekte","status":"publish","type":"page","link":"http:\/\/tongedicht.plainlake.com\/?page_id=577","title":{"rendered":"Ensemble-Projekte:"},"content":{"rendered":"\n<p><a href=\"http:\/\/tongedicht.plainlake.com\/?page_id=518\">die Gruppe KREMPL<\/a><\/p>\n\n\n\n<figure class=\"wp-block-image is-resized\"><img loading=\"lazy\" decoding=\"async\" src=\"http:\/\/tongedicht.plainlake.com\/wp-content\/uploads\/2019\/03\/Foto-Krempl.Combo_.Speyer-Gr-M-1024x682.jpg\" alt=\"\" class=\"wp-image-496\" style=\"width:180px;height:119px\" width=\"180\" height=\"119\" srcset=\"http:\/\/tongedicht.plainlake.com\/wp-content\/uploads\/2019\/03\/Foto-Krempl.Combo_.Speyer-Gr-M-1024x682.jpg 1024w, http:\/\/tongedicht.plainlake.com\/wp-content\/uploads\/2019\/03\/Foto-Krempl.Combo_.Speyer-Gr-M-300x200.jpg 300w, http:\/\/tongedicht.plainlake.com\/wp-content\/uploads\/2019\/03\/Foto-Krempl.Combo_.Speyer-Gr-M-768x512.jpg 768w, http:\/\/tongedicht.plainlake.com\/wp-content\/uploads\/2019\/03\/Foto-Krempl.Combo_.Speyer-Gr-M-1200x800.jpg 1200w, http:\/\/tongedicht.plainlake.com\/wp-content\/uploads\/2019\/03\/Foto-Krempl.Combo_.Speyer-Gr-M.jpg 1732w\" sizes=\"auto, (max-width: 180px) 85vw, 180px\" \/><\/figure>\n\n\n\n<p><\/p>\n\n\n\n<p><strong><a href=\"http:\/\/tongedicht.plainlake.com\/?page_id=75\">flute &amp; piano<\/a><\/strong><\/p>\n\n\n\n<figure class=\"wp-block-image is-resized\"><img loading=\"lazy\" decoding=\"async\" src=\"http:\/\/tongedicht.plainlake.com\/wp-content\/uploads\/2018\/01\/P1011382-1024x919.jpg\" alt=\"\" class=\"wp-image-335\" style=\"width:174px;height:155px\" width=\"174\" height=\"155\" srcset=\"http:\/\/tongedicht.plainlake.com\/wp-content\/uploads\/2018\/01\/P1011382-1024x919.jpg 1024w, http:\/\/tongedicht.plainlake.com\/wp-content\/uploads\/2018\/01\/P1011382-300x269.jpg 300w, http:\/\/tongedicht.plainlake.com\/wp-content\/uploads\/2018\/01\/P1011382-768x689.jpg 768w, http:\/\/tongedicht.plainlake.com\/wp-content\/uploads\/2018\/01\/P1011382-1200x1077.jpg 1200w, http:\/\/tongedicht.plainlake.com\/wp-content\/uploads\/2018\/01\/P1011382.jpg 2034w\" sizes=\"auto, (max-width: 174px) 85vw, 174px\" \/><\/figure>\n\n\n\n<p><\/p>\n\n\n\n<p><strong><a href=\"http:\/\/tongedicht.plainlake.com\/?page_id=343\">flute &amp; accordeon<\/a><\/strong><\/p>\n\n\n\n<figure class=\"wp-block-image size-full is-resized\"><img loading=\"lazy\" decoding=\"async\" src=\"http:\/\/tongedicht.plainlake.com\/wp-content\/uploads\/2022\/06\/Musette-Konzert-04-22-Duo-Foto-Movie.jpg\" alt=\"\" class=\"wp-image-1017\" style=\"width:178px;height:123px\" width=\"178\" height=\"123\" srcset=\"http:\/\/tongedicht.plainlake.com\/wp-content\/uploads\/2022\/06\/Musette-Konzert-04-22-Duo-Foto-Movie.jpg 734w, http:\/\/tongedicht.plainlake.com\/wp-content\/uploads\/2022\/06\/Musette-Konzert-04-22-Duo-Foto-Movie-300x208.jpg 300w\" sizes=\"auto, (max-width: 178px) 85vw, 178px\" \/><\/figure>\n\n\n\n<p><\/p>\n\n\n\n<p><strong><a href=\"http:\/\/tongedicht.plainlake.com\/?page_id=865\">composition &amp; soundcollage <\/a><\/strong><\/p>\n\n\n\n<figure class=\"wp-block-image size-large is-resized\"><img loading=\"lazy\" decoding=\"async\" src=\"http:\/\/tongedicht.plainlake.com\/wp-content\/uploads\/2023\/02\/IMG-20230123-WA0005-724x1024.jpg\" alt=\"\" class=\"wp-image-1086\" style=\"width:181px;height:256px\" width=\"181\" height=\"256\" srcset=\"http:\/\/tongedicht.plainlake.com\/wp-content\/uploads\/2023\/02\/IMG-20230123-WA0005-724x1024.jpg 724w, http:\/\/tongedicht.plainlake.com\/wp-content\/uploads\/2023\/02\/IMG-20230123-WA0005-212x300.jpg 212w, http:\/\/tongedicht.plainlake.com\/wp-content\/uploads\/2023\/02\/IMG-20230123-WA0005-768x1086.jpg 768w, http:\/\/tongedicht.plainlake.com\/wp-content\/uploads\/2023\/02\/IMG-20230123-WA0005-1086x1536.jpg 1086w, http:\/\/tongedicht.plainlake.com\/wp-content\/uploads\/2023\/02\/IMG-20230123-WA0005.jpg 1131w\" sizes=\"auto, (max-width: 181px) 85vw, 181px\" \/><\/figure>\n\n\n\n<p><\/p>\n\n\n\n<p><strong><a href=\"http:\/\/tongedicht.plainlake.com\/?page_id=2\">flute &amp; guitar<\/a><\/strong><\/p>\n\n\n\n<figure class=\"wp-block-image is-resized\"><img loading=\"lazy\" decoding=\"async\" src=\"http:\/\/tongedicht.plainlake.com\/wp-content\/uploads\/2017\/12\/P1280573-1024x768.jpg\" alt=\"\" class=\"wp-image-265\" style=\"width:179px;height:134px\" width=\"179\" height=\"134\" srcset=\"http:\/\/tongedicht.plainlake.com\/wp-content\/uploads\/2017\/12\/P1280573-1024x768.jpg 1024w, http:\/\/tongedicht.plainlake.com\/wp-content\/uploads\/2017\/12\/P1280573-300x225.jpg 300w, http:\/\/tongedicht.plainlake.com\/wp-content\/uploads\/2017\/12\/P1280573-768x576.jpg 768w, http:\/\/tongedicht.plainlake.com\/wp-content\/uploads\/2017\/12\/P1280573-1200x900.jpg 1200w, http:\/\/tongedicht.plainlake.com\/wp-content\/uploads\/2017\/12\/P1280573.jpg 2048w\" sizes=\"auto, (max-width: 179px) 85vw, 179px\" \/><\/figure>\n\n\n\n<p><\/p>\n\n\n\n<p>_______________________________________________<\/p>\n\n\n\n<p><strong>Auftritte &#8211; Veranstaltungen &#8211; Aktuelles <\/strong><\/p>\n\n\n\n<figure class=\"wp-block-video\"><video height=\"900\" style=\"aspect-ratio: 720 \/ 900;\" width=\"720\" controls src=\"http:\/\/tongedicht.plainlake.com\/wp-content\/uploads\/2023\/10\/Krempl-Marktmusik-2023-3.mp4\"><\/video><\/figure>\n\n\n\n<p> <\/p>\n\n\n<div class=\"wp-block-image\">\n<figure class=\"alignleft size-full is-resized\"><img loading=\"lazy\" decoding=\"async\" src=\"http:\/\/tongedicht.plainlake.com\/wp-content\/uploads\/2023\/08\/Foto-Duo-CB-gold-1.jpg\" alt=\"\" class=\"wp-image-1189\" style=\"width:215px;height:166px\" width=\"215\" height=\"166\" srcset=\"http:\/\/tongedicht.plainlake.com\/wp-content\/uploads\/2023\/08\/Foto-Duo-CB-gold-1.jpg 678w, http:\/\/tongedicht.plainlake.com\/wp-content\/uploads\/2023\/08\/Foto-Duo-CB-gold-1-300x231.jpg 300w\" sizes=\"auto, (max-width: 215px) 85vw, 215px\" \/><\/figure>\n<\/div>\n\n\n<h1 class=\"wp-block-heading\"><a href=\"https:\/\/www.speyer.de\/de\/kultur\/unesco-welterbe-schum\/juedisches-speyer-erleben\/schum-kulturtage\/\">Klezmer, jiddische Lieder und Evergreens&nbsp;<\/a><\/h1>\n\n\n\n<p><em>Im Rahmen der SchUM-Kulturtage \/ zum Tag des offenen Denkmals&nbsp;<\/em><\/p>\n\n\n\n<p class=\"has-text-align-left\">Schwungvolles Open-Air-Konzert mit Querfl\u00f6te und Piano jeweils um&nbsp;<strong>13:30 | 14:30 | 15:30 Uhr<\/strong><\/p>\n\n\n\n<p class=\"has-text-align-left\">Anl\u00e4sslich des Tages des offenen Denkmals am 10. September stellen die beiden Speyerer Musikerinnen Christa Bernardi (Querfl\u00f6te) und Charlotte Barth (Klavier), die sich zum&nbsp;<em>Duo CB<\/em>&nbsp;zusammengeschlossen haben, ihr neues Programm vor, bei dem die Klezmer-Musik klar im Vordergrund steht, umgeben von ein paar klassischen Kl\u00e4ngen und Evergreens aus der neuen Welt. Die abwechslungsreiche Mischung von Klezmer mit anderen Stilrichtungen macht die besondere musikalische W\u00fcrze des kleinen Konzertes im Judenhof aus. Es entsteht ein delikater Eintopf, der alle akustischen Geschmackssinne anspricht: Mal heiter, mal melancholisch, mal t\u00e4nzerisch ausgelassen und dann wieder ganz ernst, mal langsam und getragen oder rasch voranspringend \u2013 Klezmer Musik ist so vielseitig wie das Leben selbst. Sie geht vom Ohr direkt ins Herz.<\/p>\n\n\n\n<p class=\"has-text-align-left\"><\/p>\n\n\n\n<p><\/p>\n\n\n\n<figure class=\"wp-block-video\"><video height=\"1080\" style=\"aspect-ratio: 1920 \/ 1080;\" width=\"1920\" controls src=\"http:\/\/tongedicht.plainlake.com\/wp-content\/uploads\/2023\/06\/Mini-Video-fuer-Status.mp4\"><\/video><\/figure>\n\n\n\n<figure class=\"wp-block-image size-full\"><img loading=\"lazy\" decoding=\"async\" width=\"298\" height=\"433\" src=\"http:\/\/tongedicht.plainlake.com\/wp-content\/uploads\/2023\/03\/1678201133198blob-1.png\" alt=\"\" class=\"wp-image-1130\" srcset=\"http:\/\/tongedicht.plainlake.com\/wp-content\/uploads\/2023\/03\/1678201133198blob-1.png 298w, http:\/\/tongedicht.plainlake.com\/wp-content\/uploads\/2023\/03\/1678201133198blob-1-206x300.png 206w\" sizes=\"auto, (max-width: 298px) 85vw, 298px\" \/><\/figure>\n\n\n\n<div class=\"wp-block-group\"><div class=\"wp-block-group__inner-container is-layout-constrained wp-block-group-is-layout-constrained\">\n<div class=\"wp-block-columns is-layout-flex wp-container-core-columns-is-layout-9d6595d7 wp-block-columns-is-layout-flex\">\n<div class=\"wp-block-column is-layout-flow wp-block-column-is-layout-flow\" style=\"flex-basis:100%\">\n<figure class=\"wp-block-video\"><video height=\"352\" style=\"aspect-ratio: 640 \/ 352;\" width=\"640\" controls src=\"http:\/\/tongedicht.plainlake.com\/wp-content\/uploads\/2023\/04\/VID-20230415-WA0002.mp4\"><\/video><\/figure>\n<\/div>\n\n\n\n<div class=\"wp-block-column is-layout-flow wp-block-column-is-layout-flow\" style=\"flex-basis:100%\">\n<p><\/p>\n\n\n\n<p><strong>HERZLICHEN DANK an unser tolles Publikum<\/strong> <\/p>\n\n\n\n<p>f\u00fcr die gro\u00dfe Spendenbereitschaft! Dank euch konnten wir 1942,70 Euro f\u00fcr die Erdbebenopfer sammeln. Die Band wird den Betrag aufrunden und stolze 2000 Euro zweckgebunden f\u00fcr die Erdbebenhilfe in der T\u00fcrkei und in Syrien an die Diakonische Katastrophenhilfe \u00fcberweisen.  <\/p>\n<\/div>\n<\/div>\n<\/div><\/div>\n","protected":false},"excerpt":{"rendered":"<p>die Gruppe KREMPL flute &amp; piano flute &amp; accordeon composition &amp; soundcollage flute &amp; guitar _______________________________________________ Auftritte &#8211; Veranstaltungen &#8211; Aktuelles Klezmer, jiddische Lieder und Evergreens&nbsp; Im Rahmen der SchUM-Kulturtage \/ zum Tag des offenen Denkmals&nbsp; Schwungvolles Open-Air-Konzert mit Querfl\u00f6te und Piano jeweils um&nbsp;13:30 | 14:30 | 15:30 Uhr Anl\u00e4sslich des Tages des offenen Denkmals &hellip; <a href=\"http:\/\/tongedicht.plainlake.com\/?page_id=577\" class=\"more-link\"><span class=\"screen-reader-text\">\u201eEnsemble-Projekte:\u201c <\/span>weiterlesen<\/a><\/p>\n","protected":false},"author":1,"featured_media":0,"parent":0,"menu_order":0,"comment_status":"closed","ping_status":"closed","template":"","meta":{"footnotes":""},"class_list":["post-577","page","type-page","status-publish","hentry"],"_links":{"self":[{"href":"http:\/\/tongedicht.plainlake.com\/index.php?rest_route=\/wp\/v2\/pages\/577","targetHints":{"allow":["GET"]}}],"collection":[{"href":"http:\/\/tongedicht.plainlake.com\/index.php?rest_route=\/wp\/v2\/pages"}],"about":[{"href":"http:\/\/tongedicht.plainlake.com\/index.php?rest_route=\/wp\/v2\/types\/page"}],"author":[{"embeddable":true,"href":"http:\/\/tongedicht.plainlake.com\/index.php?rest_route=\/wp\/v2\/users\/1"}],"replies":[{"embeddable":true,"href":"http:\/\/tongedicht.plainlake.com\/index.php?rest_route=%2Fwp%2Fv2%2Fcomments&post=577"}],"version-history":[{"count":32,"href":"http:\/\/tongedicht.plainlake.com\/index.php?rest_route=\/wp\/v2\/pages\/577\/revisions"}],"predecessor-version":[{"id":1196,"href":"http:\/\/tongedicht.plainlake.com\/index.php?rest_route=\/wp\/v2\/pages\/577\/revisions\/1196"}],"wp:attachment":[{"href":"http:\/\/tongedicht.plainlake.com\/index.php?rest_route=%2Fwp%2Fv2%2Fmedia&parent=577"}],"curies":[{"name":"wp","href":"https:\/\/api.w.org\/{rel}","templated":true}]}}