{"id":865,"date":"2022-04-08T10:56:48","date_gmt":"2022-04-08T10:56:48","guid":{"rendered":"http:\/\/tongedicht.plainlake.com\/?page_id=865"},"modified":"2023-03-20T14:22:30","modified_gmt":"2023-03-20T14:22:30","slug":"the-persistance-of-memory","status":"publish","type":"page","link":"http:\/\/tongedicht.plainlake.com\/?page_id=865","title":{"rendered":"Vari-Actions on Myth"},"content":{"rendered":"\n<p class=\"has-text-align-left\">the persistance of memory &#8211; die Best\u00e4ndigkeit der Erinnerung <\/p>\n\n\n\n<p><a href=\"https:\/\/youtu.be\/WnhdwCv3cOM\" data-type=\"URL\" data-id=\"https:\/\/youtu.be\/WnhdwCv3cOM\">\u00fcber diesen link geht es zum Video-Mitschnitt des workshops<\/a><\/p>\n\n\n\n<figure class=\"wp-block-gallery alignleft has-nested-images columns-default is-cropped wp-block-gallery-1 is-layout-flex wp-block-gallery-is-layout-flex\">\n<figure class=\"wp-block-image size-large\"><img loading=\"lazy\" decoding=\"async\" width=\"1024\" height=\"768\" data-id=\"1138\" src=\"http:\/\/tongedicht.plainlake.com\/wp-content\/uploads\/2023\/03\/P3050056-1024x768.jpg\" alt=\"\" class=\"wp-image-1138\" srcset=\"http:\/\/tongedicht.plainlake.com\/wp-content\/uploads\/2023\/03\/P3050056-1024x768.jpg 1024w, http:\/\/tongedicht.plainlake.com\/wp-content\/uploads\/2023\/03\/P3050056-300x225.jpg 300w, http:\/\/tongedicht.plainlake.com\/wp-content\/uploads\/2023\/03\/P3050056-768x576.jpg 768w, http:\/\/tongedicht.plainlake.com\/wp-content\/uploads\/2023\/03\/P3050056-1536x1152.jpg 1536w, http:\/\/tongedicht.plainlake.com\/wp-content\/uploads\/2023\/03\/P3050056-2048x1536.jpg 2048w, http:\/\/tongedicht.plainlake.com\/wp-content\/uploads\/2023\/03\/P3050056-1200x900.jpg 1200w\" sizes=\"auto, (max-width: 709px) 85vw, (max-width: 909px) 67vw, (max-width: 1362px) 62vw, 840px\" \/><figcaption class=\"wp-element-caption\"><mark style=\"background-color:rgba(0, 0, 0, 0)\" class=\"has-inline-color has-light-gray-color\"><strong>Lebendige Mythologie<\/strong><br><strong>Improvisationstheater-Projekt am ersten M\u00e4rz-Wochenende 2023 in Bruchsal<\/strong><\/mark><\/figcaption><\/figure>\n<\/figure>\n\n\n\n<p><\/p>\n\n\n\n<figure class=\"wp-block-image size-large is-resized\"><img loading=\"lazy\" decoding=\"async\" src=\"http:\/\/tongedicht.plainlake.com\/wp-content\/uploads\/2023\/02\/IMG-20230123-WA0005-724x1024.jpg\" alt=\"\" class=\"wp-image-1086\" width=\"334\" height=\"472\" srcset=\"http:\/\/tongedicht.plainlake.com\/wp-content\/uploads\/2023\/02\/IMG-20230123-WA0005-724x1024.jpg 724w, http:\/\/tongedicht.plainlake.com\/wp-content\/uploads\/2023\/02\/IMG-20230123-WA0005-212x300.jpg 212w, http:\/\/tongedicht.plainlake.com\/wp-content\/uploads\/2023\/02\/IMG-20230123-WA0005-768x1086.jpg 768w, http:\/\/tongedicht.plainlake.com\/wp-content\/uploads\/2023\/02\/IMG-20230123-WA0005-1086x1536.jpg 1086w, http:\/\/tongedicht.plainlake.com\/wp-content\/uploads\/2023\/02\/IMG-20230123-WA0005.jpg 1131w\" sizes=\"auto, (max-width: 334px) 85vw, 334px\" \/><\/figure>\n\n\n\n<p><\/p>\n\n\n\n<div class=\"wp-block-group\"><div class=\"wp-block-group__inner-container is-layout-constrained wp-block-group-is-layout-constrained\"><\/div><\/div>\n\n\n\n<figure class=\"wp-block-video\"><video height=\"480\" style=\"aspect-ratio: 852 \/ 480;\" width=\"852\" controls src=\"http:\/\/tongedicht.plainlake.com\/wp-content\/uploads\/2023\/03\/Short-version-Vari-Actions-on-Mythology-homepage-2.mp4\"><\/video><\/figure>\n\n\n\n<h6 class=\"has-text-align-left wp-block-heading\"><strong>H\u00f6rproben aus meinem Soundtrack zum  Projekt:<\/strong><\/h6>\n\n\n\n<p><\/p>\n\n\n\n<div class=\"wp-block-group\"><div class=\"wp-block-group__inner-container is-layout-constrained wp-block-group-is-layout-constrained\">\n<figure class=\"wp-block-audio\"><audio controls src=\"http:\/\/tongedicht.plainlake.com\/wp-content\/uploads\/2023\/02\/1-Schumann-Promenade-mit-Schritten-Toelpel-und-Bach.mp3.mp3\"><\/audio><figcaption class=\"wp-element-caption\"><mark style=\"background-color:rgba(0, 0, 0, 0)\" class=\"has-inline-color has-light-gray-color\">Remember that dream?  <br>Arrangement f\u00fcr Querfl\u00f6te mit Naturger\u00e4uschen <br>frei nach Robert Schumanns Tr\u00e4umerei <\/mark><\/figcaption><\/figure>\n<\/div><\/div>\n\n\n\n<figure class=\"wp-block-audio aligncenter\"><audio controls src=\"http:\/\/tongedicht.plainlake.com\/wp-content\/uploads\/2023\/02\/7-Persephone-nimmt-Abschied-von-den-Blumen-1.mp3-1.mp3\"><\/audio><figcaption class=\"wp-element-caption\"><mark style=\"background-color:rgba(0, 0, 0, 0)\" class=\"has-inline-color has-light-gray-color\"><strong><em>Persephone nimmt Abschied von den Blumen<\/em> <\/strong><br>Eigenkomposition f\u00fcr Querfl\u00f6te mit Naturger\u00e4uschen und Harfe <\/mark><\/figcaption><\/figure>\n\n\n\n<figure class=\"wp-block-audio aligncenter\"><audio controls src=\"http:\/\/tongedicht.plainlake.com\/wp-content\/uploads\/2023\/02\/8-Pan-und-die-Voegel-Schlusspart-mit-Schritten-am-Meer-2.mp3.mp3\"><\/audio><figcaption class=\"wp-element-caption\"><br><mark style=\"background-color:rgba(0, 0, 0, 0)\" class=\"has-inline-color has-light-gray-color\"><strong><em>Der Faun im Sommerwald<\/em> <\/strong><br>Soundcollage f\u00fcr Querfl\u00f6te mitNaturger\u00e4uschen und Schritten am Meer <br>frei nach <em>Pan<\/em> von Jules Mouquet\/ Jacques Roussel<\/mark><\/figcaption><\/figure>\n\n\n\n<div class=\"wp-block-columns is-layout-flex wp-container-core-columns-is-layout-9d6595d7 wp-block-columns-is-layout-flex\">\n<div class=\"wp-block-column is-layout-flow wp-block-column-is-layout-flow\" style=\"flex-basis:100%\">\n<div class=\"wp-block-group\"><div class=\"wp-block-group__inner-container is-layout-constrained wp-block-group-is-layout-constrained\">\n<figure class=\"wp-block-image size-large is-resized\"><img loading=\"lazy\" decoding=\"async\" src=\"http:\/\/tongedicht.plainlake.com\/wp-content\/uploads\/2023\/03\/P3050137-1024x768.jpg\" alt=\"\" class=\"wp-image-1139\" width=\"443\" height=\"332\" srcset=\"http:\/\/tongedicht.plainlake.com\/wp-content\/uploads\/2023\/03\/P3050137-1024x768.jpg 1024w, http:\/\/tongedicht.plainlake.com\/wp-content\/uploads\/2023\/03\/P3050137-300x225.jpg 300w, http:\/\/tongedicht.plainlake.com\/wp-content\/uploads\/2023\/03\/P3050137-768x576.jpg 768w, http:\/\/tongedicht.plainlake.com\/wp-content\/uploads\/2023\/03\/P3050137-1536x1152.jpg 1536w, http:\/\/tongedicht.plainlake.com\/wp-content\/uploads\/2023\/03\/P3050137-2048x1536.jpg 2048w, http:\/\/tongedicht.plainlake.com\/wp-content\/uploads\/2023\/03\/P3050137-1200x900.jpg 1200w\" sizes=\"auto, (max-width: 443px) 85vw, 443px\" \/><\/figure>\n<\/div><\/div>\n<\/div>\n<\/div>\n\n\n\n<figure class=\"wp-block-audio alignleft\"><audio controls src=\"http:\/\/tongedicht.plainlake.com\/wp-content\/uploads\/2023\/03\/28-Gaia-und-Poseidon-Teil-1-4.mp3.mp3\"><\/audio><figcaption class=\"wp-element-caption\"><mark style=\"background-color:rgba(0, 0, 0, 0)\" class=\"has-inline-color has-light-gray-color\"><strong><em>Gaia und Poseidon<\/em> <\/strong><br>Soundcollage f\u00fcr Querfl\u00f6te, Herzschlag, Donner und Meeresrauschen <br>frei nach Astor Piazzollas Ave Maria  <\/mark><\/figcaption><\/figure>\n\n\n\n<p><\/p>\n\n\n\n<p><\/p>\n\n\n\n<p><\/p>\n\n\n\n<figure class=\"wp-block-audio alignleft\"><audio controls src=\"http:\/\/tongedicht.plainlake.com\/wp-content\/uploads\/2023\/02\/8-Medea-plant-den-Feuertod-ihrer-Rivalin.mp3.mp3\"><\/audio><figcaption class=\"wp-element-caption\"><mark style=\"background-color:rgba(0, 0, 0, 0)\" class=\"has-inline-color has-light-gray-color\">Medea plant den Feuertod ihrer Rivalin [Audiomitschnitt des Vari-Action-Projekts]<\/mark><\/figcaption><\/figure>\n\n\n\n<p><\/p>\n\n\n\n<p><\/p>\n\n\n\n<p><\/p>\n\n\n\n<h4 class=\"has-text-align-center wp-block-heading\"> <\/h4>\n\n\n\n<p><\/p>\n\n\n\n<h4 class=\"has-text-align-center wp-block-heading\">&#8222;Die Skulptur gibt der Musik den raum       und die Musik schenkt der Skulptur die Seele&#8220;<\/h4>\n\n\n\n<p class=\"has-text-align-left\">  <\/p>\n","protected":false},"excerpt":{"rendered":"<p>the persistance of memory &#8211; die Best\u00e4ndigkeit der Erinnerung \u00fcber diesen link geht es zum Video-Mitschnitt des workshops H\u00f6rproben aus meinem Soundtrack zum Projekt: &#8222;Die Skulptur gibt der Musik den raum und die Musik schenkt der Skulptur die Seele&#8220;<\/p>\n","protected":false},"author":1,"featured_media":0,"parent":577,"menu_order":0,"comment_status":"closed","ping_status":"closed","template":"","meta":{"footnotes":""},"class_list":["post-865","page","type-page","status-publish","hentry"],"_links":{"self":[{"href":"http:\/\/tongedicht.plainlake.com\/index.php?rest_route=\/wp\/v2\/pages\/865","targetHints":{"allow":["GET"]}}],"collection":[{"href":"http:\/\/tongedicht.plainlake.com\/index.php?rest_route=\/wp\/v2\/pages"}],"about":[{"href":"http:\/\/tongedicht.plainlake.com\/index.php?rest_route=\/wp\/v2\/types\/page"}],"author":[{"embeddable":true,"href":"http:\/\/tongedicht.plainlake.com\/index.php?rest_route=\/wp\/v2\/users\/1"}],"replies":[{"embeddable":true,"href":"http:\/\/tongedicht.plainlake.com\/index.php?rest_route=%2Fwp%2Fv2%2Fcomments&post=865"}],"version-history":[{"count":44,"href":"http:\/\/tongedicht.plainlake.com\/index.php?rest_route=\/wp\/v2\/pages\/865\/revisions"}],"predecessor-version":[{"id":1163,"href":"http:\/\/tongedicht.plainlake.com\/index.php?rest_route=\/wp\/v2\/pages\/865\/revisions\/1163"}],"up":[{"embeddable":true,"href":"http:\/\/tongedicht.plainlake.com\/index.php?rest_route=\/wp\/v2\/pages\/577"}],"wp:attachment":[{"href":"http:\/\/tongedicht.plainlake.com\/index.php?rest_route=%2Fwp%2Fv2%2Fmedia&parent=865"}],"curies":[{"name":"wp","href":"https:\/\/api.w.org\/{rel}","templated":true}]}}